{"id":2000,"date":"2017-06-13T12:19:03","date_gmt":"2017-06-13T14:19:03","guid":{"rendered":"http:\/\/www.encontraalphaville.com.br\/noticias\/?page_id=2000"},"modified":"2025-09-29T12:08:32","modified_gmt":"2025-09-29T14:08:32","slug":"sobre-alphaville","status":"publish","type":"page","link":"https:\/\/www.encontraalphaville.com.br\/sobre\/","title":{"rendered":"Sobre Alphaville"},"content":{"rendered":"<div class=\"08819d616ec18d2b96542d41522401b3\" data-index=\"1\" style=\"float: none; margin:0px;\">\n<!-- Anuncio display - global -->\r\n<ins class=\"adsbygoogle\"\r\n     style=\"display:block\"\r\n     data-ad-client=\"ca-pub-8585364105181520\"\r\n     data-ad-slot=\"8789329856\"\r\n     data-ad-format=\"auto\"\r\n     data-full-width-responsive=\"true\"><\/ins>\r\n<script>\r\n     (adsbygoogle = window.adsbygoogle || []).push({});\r\n<\/script>\n<\/div>\n<p><img loading=\"lazy\" decoding=\"async\" width=\"549\" height=\"239\" class=\"alignnone size-full wp-image-2002\" style=\"width: 100%; height: auto;\" src=\"https:\/\/www.encontraalphaville.com.br\/noticias\/wp-content\/uploads\/2017\/06\/alphaville.jpg\" alt=\"\" srcset=\"https:\/\/www.encontraalphaville.com.br\/sobre\/wp-content\/uploads\/2017\/06\/alphaville.jpg 549w, https:\/\/www.encontraalphaville.com.br\/sobre\/wp-content\/uploads\/2017\/06\/alphaville-300x131.jpg 300w\" sizes=\"auto, (max-width: 549px) 100vw, 549px\" \/><\/p>\n<p>O <strong>Alphaville<\/strong> \u00e9 um bairro da cidade de <a href=\"http:\/\/www.encontrabarueri.com.br\/\" target=\"_blank\" rel=\"noopener noreferrer\">Barueri<\/a>, onde existem uma s\u00e9rie de condom\u00ednios fechados, criados e idealizados por Yoshiro Takaoka, s\u00f3cio da empresa Albuquerque-Takaoka, na antiga Fazenda Tambor\u00e9, de propriedade do Conde Hon\u00f3rio Penteado, na regi\u00e3o havia um assentamento ind\u00edgena, da\u00ed a raz\u00e3o ainda alguns condom\u00ednios pagarem Laud\u00eamio ao Governo federal, contestado pelos moradores local.<\/p>\n<p>O <a href=\"\/\">Bairro Alphaville<\/a> possui o maior e mais famoso conjunto brasileiro de condom\u00ednios, que se estende desde a cidade de <a href=\"http:\/\/www.encontrabarueri.com.br\/\" target=\"_blank\" rel=\"noopener noreferrer\">Barueri <\/a>-SP at\u00e9 Santana de Parna\u00edba-SP, cidades pertencentes \u00e0 Regi\u00e3o Metropolitana de S\u00e3o Paulo.<\/p>\n<p>Da mesma construtora, h\u00e1 um outro empreendimento similar pr\u00f3ximo \u00e0 sa\u00edda de Campinas (a 92 km da capital paulista), al\u00e9m de outros empreendimentos menores. O <a href=\"\/\">Alphaville<\/a> \u00e9 o pioneiro na implanta\u00e7\u00e3o de condominios no Brasil.<\/p>\n<p>Para homenagear a comunidade de moradores deste maravilho bairro, o <a href=\"https:\/\/www.encontrasaopaulo.com.br\/\" target=\"_blank\" rel=\"noopener noreferrer\">Encontra S\u00e3o Paulo<\/a> criou o <a href=\"http:\/\/www.encontraalphaville.com.br\/\">Encontra Alphaville<\/a><\/p>\n<h3>Limites &#8211; Cidades Vizinhas<\/h3>\n<p><img loading=\"lazy\" decoding=\"async\" width=\"254\" height=\"185\" class=\"alignleft wp-image-2001 size-full\" style=\"width: 30%height:auto;\" src=\"https:\/\/www.encontraalphaville.com.br\/noticias\/wp-content\/uploads\/2017\/06\/mapa-alphaville.jpg\" alt=\"\" \/><a title=\"Santana de Parna\u00edba\" href=\"http:\/\/www.encontrasantanadeparnaiba.com.br\/\" target=\"_blank\" rel=\"noopener noreferrer\">Santana de Parna\u00edba<\/a><br \/>\n<a title=\"Jandira\" href=\"http:\/\/www.encontrajandira.com.br\/\" target=\"_blank\" rel=\"noopener noreferrer\">Jandira<\/a><br \/>\n<a title=\"Itapevi\" href=\"http:\/\/www.encontraitapevi.com.br\/\" target=\"_blank\" rel=\"noopener noreferrer\">Itapevi<\/a><br \/>\n<a href=\"http:\/\/www.encontracarapicuiba.com.br\/\" target=\"_blank\" rel=\"noopener noreferrer\">Carapicuiba<\/a><br \/>\n<a href=\"http:\/\/www.encontraosasco.com.br\/\" target=\"_blank\" rel=\"noopener noreferrer\">Osasco<\/a><br \/>\n<a href=\"http:\/\/www.encontrabarueri.com.br\/\" target=\"_blank\" rel=\"noopener noreferrer\">Barueri<\/a><\/p>\n<p>&nbsp;<\/p>\n<p>&nbsp;<\/p>\n<h3>Pontos Tur\u00edsticos<\/h3>\n<p><strong>Destaque<\/strong><br \/>\n<strong>AlphaShopping<\/strong> \u00e9 um centro de compras de Alphaville e regi\u00e3o de Alphaville com telefones no EncontraAlphaville e endere\u00e7o dos locais. Shopping Center esta localizado na Alameda Rio Negro, 1033 em <a href=\"\/\">Alphaville<\/a>.<\/p>\n<h3>Dados Principais sobre o Bairro Alphaville<\/h3>\n<p><strong>Popula\u00e7\u00e3o<\/strong> 50.000 hab (2008)<br \/>\n<strong>\u00c1rea<\/strong>: 16,4 Km\u00b2<br \/>\n<strong>IDH<\/strong> &#8211;<br \/>\n<strong>Prefeitura<\/strong> Barueri<\/p>\n<h2>Moradores ilustres de Alphaville<\/h2>\n<p><iframe style=\"border: none; overflow: hidden; width: 100%; height: 252px;\" src=\"https:\/\/www.facebook.com\/plugins\/likebox.php?href=http%3A%2F%2Fwww.facebook.com%2Fbairroalphaville&amp;width=778&amp;colorscheme=light&amp;show_faces=true&amp;stream=false&amp;header=false&amp;height=252\" frameborder=\"0\" scrolling=\"No\"><\/iframe><\/p>\n\n<div style=\"font-size: 0px; height: 0px; line-height: 0px; margin: 0; padding: 0; clear: both;\"><\/div>","protected":false},"excerpt":{"rendered":"<p>O Alphaville \u00e9 um bairro da cidade de Barueri, onde existem uma s\u00e9rie de condom\u00ednios fechados, criados e idealizados por Yoshiro Takaoka, s\u00f3cio da empresa Albuquerque-Takaoka, na antiga Fazenda Tambor\u00e9, de propriedade do Conde Hon\u00f3rio Penteado, na regi\u00e3o havia um assentamento ind\u00edgena, da\u00ed a raz\u00e3o ainda alguns condom\u00ednios pagarem Laud\u00eamio ao Governo federal, contestado pelos moradores local. O Bairro Alphaville possui o maior e mais famoso conjunto brasileiro de condom\u00ednios, que se estende desde a cidade de Barueri -SP at\u00e9 Santana de Parna\u00edba-SP, cidades pertencentes \u00e0 Regi\u00e3o Metropolitana de S\u00e3o Paulo. Da mesma construtora, h\u00e1 um outro empreendimento similar pr\u00f3ximo <\/p>\n","protected":false},"author":1,"featured_media":0,"parent":0,"menu_order":0,"comment_status":"closed","ping_status":"closed","template":"","meta":{"footnotes":""},"class_list":["post-2000","page","type-page","status-publish","hentry"],"aioseo_notices":[],"_links":{"self":[{"href":"https:\/\/www.encontraalphaville.com.br\/sobre\/wp-json\/wp\/v2\/pages\/2000","targetHints":{"allow":["GET"]}}],"collection":[{"href":"https:\/\/www.encontraalphaville.com.br\/sobre\/wp-json\/wp\/v2\/pages"}],"about":[{"href":"https:\/\/www.encontraalphaville.com.br\/sobre\/wp-json\/wp\/v2\/types\/page"}],"author":[{"embeddable":true,"href":"https:\/\/www.encontraalphaville.com.br\/sobre\/wp-json\/wp\/v2\/users\/1"}],"replies":[{"embeddable":true,"href":"https:\/\/www.encontraalphaville.com.br\/sobre\/wp-json\/wp\/v2\/comments?post=2000"}],"version-history":[{"count":6,"href":"https:\/\/www.encontraalphaville.com.br\/sobre\/wp-json\/wp\/v2\/pages\/2000\/revisions"}],"predecessor-version":[{"id":2500,"href":"https:\/\/www.encontraalphaville.com.br\/sobre\/wp-json\/wp\/v2\/pages\/2000\/revisions\/2500"}],"wp:attachment":[{"href":"https:\/\/www.encontraalphaville.com.br\/sobre\/wp-json\/wp\/v2\/media?parent=2000"}],"curies":[{"name":"wp","href":"https:\/\/api.w.org\/{rel}","templated":true}]}}