{"id":2472,"date":"2013-05-02T17:30:40","date_gmt":"2013-05-02T20:30:40","guid":{"rendered":"http:\/\/www.encontraalphaville.com.br\/guia\/?page_id=2472"},"modified":"2025-11-26T13:10:48","modified_gmt":"2025-11-26T16:10:48","slug":"sobre-alphaville","status":"publish","type":"page","link":"https:\/\/www.encontraalphaville.com.br\/guia\/sobre-alphaville\/","title":{"rendered":"Sobre Alphaville"},"content":{"rendered":"<p><img decoding=\"async\" class=\"aligncenter size-full wp-image-5980\" src=\"https:\/\/www.encontraalphaville.com.br\/guia\/wp-content\/uploads\/2013\/05\/bairro-alphaville.jpg\" alt=\"\" width=\"98%\" srcset=\"https:\/\/www.encontraalphaville.com.br\/guia\/wp-content\/uploads\/2013\/05\/bairro-alphaville.jpg 800w, https:\/\/www.encontraalphaville.com.br\/guia\/wp-content\/uploads\/2013\/05\/bairro-alphaville-300x129.jpg 300w, https:\/\/www.encontraalphaville.com.br\/guia\/wp-content\/uploads\/2013\/05\/bairro-alphaville-768x331.jpg 768w\" sizes=\"(max-width: 800px) 100vw, 800px\" \/><\/p>\n<p>O <a href=\"\/\"><span class=\"style6\">Alphaville<\/span><\/a> \u00e9 um bairro da cidade de <a title=\"Barueri\" href=\"http:\/\/www.encontrabarueri.com.br\" target=\"_blank\" rel=\"noopener noreferrer\">Barueri<\/a>, onde existem uma s\u00e9rie de condom\u00ednios fechados, criados e idealizados por <strong>Yoshiro Takaoka<\/strong>, s\u00f3cio da empresa Albuquerque-Takaoka, na antiga Fazenda Tambor\u00e9, de propriedade do Conde Hon\u00f3rio Penteado, na regi\u00e3o havia um assentamento ind\u00edgena, da\u00ed a raz\u00e3o ainda alguns condom\u00ednios pagarem Laud\u00eamio ao Governo federal, contestado pelos moradores local.<\/p>\n<p>O <em>Bairro Alphaville<\/em> possui o maior e mais famoso conjunto brasileiro de condom\u00ednios, que se estende desde a cidade de Barueri -SP at\u00e9 <strong>Santana de Parna\u00edba<\/strong>-SP, cidades pertencentes \u00e0 Regi\u00e3o Metropolitana de S\u00e3o Paulo.<\/p>\n<p>Da mesma construtora, h\u00e1 um outro empreendimento similar pr\u00f3ximo \u00e0 sa\u00edda de Campinas (a 92 km da capital paulista), al\u00e9m de outros empreendimentos menores. O Alphaville \u00e9 o pioneiro na implanta\u00e7\u00e3o de condom\u00ednios no Brasil.<\/p>\n<p>Para homenagear a comunidade de moradores deste maravilho bairro, o <a title=\"Encontra S\u00e3o Paulo\" href=\"http:\/\/www.encontrasaopaulo.com.br\" target=\"_blank\" rel=\"noopener noreferrer\">Encontra S\u00e3o Paulo<\/a> criou o <a title=\"Encontra Alphaville\" href=\"https:\/\/www.encontraalphaville.com.br\/\" target=\"_blank\" rel=\"noopener noreferrer\">Encontra Alphaville<\/a><\/p>\n<p>Fonte: <a title=\"Not\u00edcias do Bairro Alphaville\" href=\"https:\/\/www.encontraalphaville.com.br\/sobre\/\" target=\"_blank\" rel=\"noopener noreferrer\">www.encontraalphaville.com.br<\/a><\/p>\n","protected":false},"excerpt":{"rendered":"<p>O Alphaville \u00e9 um bairro da cidade de Barueri, onde existem uma s\u00e9rie de condom\u00ednios fechados, criados e idealizados por Yoshiro Takaoka, s\u00f3cio da empresa Albuquerque-Takaoka, na antiga Fazenda Tambor\u00e9, de propriedade do Conde Hon\u00f3rio Penteado, na regi\u00e3o havia um assentamento ind\u00edgena, da\u00ed a raz\u00e3o ainda alguns condom\u00ednios pagarem Laud\u00eamio ao Governo federal, contestado pelos moradores local. O Bairro Alphaville possui o maior e mais famoso conjunto brasileiro de condom\u00ednios, que se estende desde a cidade de Barueri -SP at\u00e9 Santana de Parna\u00edba-SP, cidades pertencentes \u00e0 Regi\u00e3o Metropolitana de S\u00e3o Paulo. Da mesma construtora, h\u00e1 um outro empreendimento similar pr\u00f3ximo <\/p>\n","protected":false},"author":1,"featured_media":0,"parent":0,"menu_order":0,"comment_status":"open","ping_status":"closed","template":"tpl_sobre_noticias.php","meta":{"footnotes":""},"class_list":["post-2472","page","type-page","status-publish","hentry"],"yoast_head":"<!-- This site is optimized with the Yoast SEO plugin v26.4 - https:\/\/yoast.com\/wordpress\/plugins\/seo\/ -->\n<title>Sobre Alphaville | Guia Comercial de Alphaville SP<\/title>\n<meta name=\"robots\" content=\"index, follow, max-snippet:-1, max-image-preview:large, max-video-preview:-1\" \/>\n<link rel=\"canonical\" href=\"https:\/\/www.encontraalphaville.com.br\/guia\/sobre-alphaville\/\" \/>\n<meta property=\"og:locale\" content=\"pt_BR\" \/>\n<meta property=\"og:type\" content=\"article\" \/>\n<meta property=\"og:title\" content=\"Sobre Alphaville | Guia Comercial de Alphaville SP\" \/>\n<meta property=\"og:description\" content=\"O Alphaville \u00e9 um bairro da cidade de Barueri, onde existem uma s\u00e9rie de condom\u00ednios fechados, criados e idealizados por Yoshiro Takaoka, s\u00f3cio da empresa Albuquerque-Takaoka, na antiga Fazenda Tambor\u00e9, de propriedade do Conde Hon\u00f3rio Penteado, na regi\u00e3o havia um assentamento ind\u00edgena, da\u00ed a raz\u00e3o ainda alguns condom\u00ednios pagarem Laud\u00eamio ao Governo federal, contestado pelos moradores local. O Bairro Alphaville possui o maior e mais famoso conjunto brasileiro de condom\u00ednios, que se estende desde a cidade de Barueri -SP at\u00e9 Santana de Parna\u00edba-SP, cidades pertencentes \u00e0 Regi\u00e3o Metropolitana de S\u00e3o Paulo. Da mesma construtora, h\u00e1 um outro empreendimento similar pr\u00f3ximo\" \/>\n<meta property=\"og:url\" content=\"https:\/\/www.encontraalphaville.com.br\/guia\/sobre-alphaville\/\" \/>\n<meta property=\"og:site_name\" content=\"Guia Comercial de Alphaville SP\" \/>\n<meta property=\"article:modified_time\" content=\"2025-11-26T16:10:48+00:00\" \/>\n<meta property=\"og:image\" content=\"https:\/\/www.encontraalphaville.com.br\/guia\/wp-content\/uploads\/2013\/05\/bairro-alphaville.jpg\" \/>\n\t<meta property=\"og:image:width\" content=\"800\" \/>\n\t<meta property=\"og:image:height\" content=\"345\" \/>\n\t<meta property=\"og:image:type\" content=\"image\/jpeg\" \/>\n<meta name=\"twitter:card\" content=\"summary_large_image\" \/>\n<meta name=\"twitter:label1\" content=\"Est. tempo de leitura\" \/>\n\t<meta name=\"twitter:data1\" content=\"2 minutos\" \/>\n<script type=\"application\/ld+json\" class=\"yoast-schema-graph\">{\"@context\":\"https:\/\/schema.org\",\"@graph\":[{\"@type\":\"WebPage\",\"@id\":\"https:\/\/www.encontraalphaville.com.br\/guia\/sobre-alphaville\/\",\"url\":\"https:\/\/www.encontraalphaville.com.br\/guia\/sobre-alphaville\/\",\"name\":\"Sobre Alphaville | Guia Comercial de Alphaville SP\",\"isPartOf\":{\"@id\":\"https:\/\/www.encontraalphaville.com.br\/guia\/#website\"},\"primaryImageOfPage\":{\"@id\":\"https:\/\/www.encontraalphaville.com.br\/guia\/sobre-alphaville\/#primaryimage\"},\"image\":{\"@id\":\"https:\/\/www.encontraalphaville.com.br\/guia\/sobre-alphaville\/#primaryimage\"},\"thumbnailUrl\":\"https:\/\/www.encontraalphaville.com.br\/guia\/wp-content\/uploads\/2013\/05\/bairro-alphaville.jpg\",\"datePublished\":\"2013-05-02T20:30:40+00:00\",\"dateModified\":\"2025-11-26T16:10:48+00:00\",\"inLanguage\":\"pt-BR\",\"potentialAction\":[{\"@type\":\"ReadAction\",\"target\":[\"https:\/\/www.encontraalphaville.com.br\/guia\/sobre-alphaville\/\"]}]},{\"@type\":\"ImageObject\",\"inLanguage\":\"pt-BR\",\"@id\":\"https:\/\/www.encontraalphaville.com.br\/guia\/sobre-alphaville\/#primaryimage\",\"url\":\"https:\/\/www.encontraalphaville.com.br\/guia\/wp-content\/uploads\/2013\/05\/bairro-alphaville.jpg\",\"contentUrl\":\"https:\/\/www.encontraalphaville.com.br\/guia\/wp-content\/uploads\/2013\/05\/bairro-alphaville.jpg\",\"width\":800,\"height\":345},{\"@type\":\"WebSite\",\"@id\":\"https:\/\/www.encontraalphaville.com.br\/guia\/#website\",\"url\":\"https:\/\/www.encontraalphaville.com.br\/guia\/\",\"name\":\"Guia Comercial de Alphaville SP\",\"description\":\"ENCONTRA ALPHAVILLE - O guia comercial de neg\u00f3cios e empresas, cultura e divers\u00e3o no bairro de Alphaville. Feito 100% para voc\u00ea morador!\",\"potentialAction\":[{\"@type\":\"SearchAction\",\"target\":{\"@type\":\"EntryPoint\",\"urlTemplate\":\"https:\/\/www.encontraalphaville.com.br\/guia\/?s={search_term_string}\"},\"query-input\":{\"@type\":\"PropertyValueSpecification\",\"valueRequired\":true,\"valueName\":\"search_term_string\"}}],\"inLanguage\":\"pt-BR\"}]}<\/script>\n<!-- \/ Yoast SEO plugin. -->","yoast_head_json":{"title":"Sobre Alphaville | Guia Comercial de Alphaville SP","robots":{"index":"index","follow":"follow","max-snippet":"max-snippet:-1","max-image-preview":"max-image-preview:large","max-video-preview":"max-video-preview:-1"},"canonical":"https:\/\/www.encontraalphaville.com.br\/guia\/sobre-alphaville\/","og_locale":"pt_BR","og_type":"article","og_title":"Sobre Alphaville | Guia Comercial de Alphaville SP","og_description":"O Alphaville \u00e9 um bairro da cidade de Barueri, onde existem uma s\u00e9rie de condom\u00ednios fechados, criados e idealizados por Yoshiro Takaoka, s\u00f3cio da empresa Albuquerque-Takaoka, na antiga Fazenda Tambor\u00e9, de propriedade do Conde Hon\u00f3rio Penteado, na regi\u00e3o havia um assentamento ind\u00edgena, da\u00ed a raz\u00e3o ainda alguns condom\u00ednios pagarem Laud\u00eamio ao Governo federal, contestado pelos moradores local. O Bairro Alphaville possui o maior e mais famoso conjunto brasileiro de condom\u00ednios, que se estende desde a cidade de Barueri -SP at\u00e9 Santana de Parna\u00edba-SP, cidades pertencentes \u00e0 Regi\u00e3o Metropolitana de S\u00e3o Paulo. Da mesma construtora, h\u00e1 um outro empreendimento similar pr\u00f3ximo","og_url":"https:\/\/www.encontraalphaville.com.br\/guia\/sobre-alphaville\/","og_site_name":"Guia Comercial de Alphaville SP","article_modified_time":"2025-11-26T16:10:48+00:00","og_image":[{"width":800,"height":345,"url":"https:\/\/www.encontraalphaville.com.br\/guia\/wp-content\/uploads\/2013\/05\/bairro-alphaville.jpg","type":"image\/jpeg"}],"twitter_card":"summary_large_image","twitter_misc":{"Est. tempo de leitura":"2 minutos"},"schema":{"@context":"https:\/\/schema.org","@graph":[{"@type":"WebPage","@id":"https:\/\/www.encontraalphaville.com.br\/guia\/sobre-alphaville\/","url":"https:\/\/www.encontraalphaville.com.br\/guia\/sobre-alphaville\/","name":"Sobre Alphaville | Guia Comercial de Alphaville SP","isPartOf":{"@id":"https:\/\/www.encontraalphaville.com.br\/guia\/#website"},"primaryImageOfPage":{"@id":"https:\/\/www.encontraalphaville.com.br\/guia\/sobre-alphaville\/#primaryimage"},"image":{"@id":"https:\/\/www.encontraalphaville.com.br\/guia\/sobre-alphaville\/#primaryimage"},"thumbnailUrl":"https:\/\/www.encontraalphaville.com.br\/guia\/wp-content\/uploads\/2013\/05\/bairro-alphaville.jpg","datePublished":"2013-05-02T20:30:40+00:00","dateModified":"2025-11-26T16:10:48+00:00","inLanguage":"pt-BR","potentialAction":[{"@type":"ReadAction","target":["https:\/\/www.encontraalphaville.com.br\/guia\/sobre-alphaville\/"]}]},{"@type":"ImageObject","inLanguage":"pt-BR","@id":"https:\/\/www.encontraalphaville.com.br\/guia\/sobre-alphaville\/#primaryimage","url":"https:\/\/www.encontraalphaville.com.br\/guia\/wp-content\/uploads\/2013\/05\/bairro-alphaville.jpg","contentUrl":"https:\/\/www.encontraalphaville.com.br\/guia\/wp-content\/uploads\/2013\/05\/bairro-alphaville.jpg","width":800,"height":345},{"@type":"WebSite","@id":"https:\/\/www.encontraalphaville.com.br\/guia\/#website","url":"https:\/\/www.encontraalphaville.com.br\/guia\/","name":"Guia Comercial de Alphaville SP","description":"ENCONTRA ALPHAVILLE - O guia comercial de neg\u00f3cios e empresas, cultura e divers\u00e3o no bairro de Alphaville. Feito 100% para voc\u00ea morador!","potentialAction":[{"@type":"SearchAction","target":{"@type":"EntryPoint","urlTemplate":"https:\/\/www.encontraalphaville.com.br\/guia\/?s={search_term_string}"},"query-input":{"@type":"PropertyValueSpecification","valueRequired":true,"valueName":"search_term_string"}}],"inLanguage":"pt-BR"}]}},"_links":{"self":[{"href":"https:\/\/www.encontraalphaville.com.br\/guia\/wp-json\/wp\/v2\/pages\/2472","targetHints":{"allow":["GET"]}}],"collection":[{"href":"https:\/\/www.encontraalphaville.com.br\/guia\/wp-json\/wp\/v2\/pages"}],"about":[{"href":"https:\/\/www.encontraalphaville.com.br\/guia\/wp-json\/wp\/v2\/types\/page"}],"author":[{"embeddable":true,"href":"https:\/\/www.encontraalphaville.com.br\/guia\/wp-json\/wp\/v2\/users\/1"}],"replies":[{"embeddable":true,"href":"https:\/\/www.encontraalphaville.com.br\/guia\/wp-json\/wp\/v2\/comments?post=2472"}],"version-history":[{"count":0,"href":"https:\/\/www.encontraalphaville.com.br\/guia\/wp-json\/wp\/v2\/pages\/2472\/revisions"}],"wp:attachment":[{"href":"https:\/\/www.encontraalphaville.com.br\/guia\/wp-json\/wp\/v2\/media?parent=2472"}],"curies":[{"name":"wp","href":"https:\/\/api.w.org\/{rel}","templated":true}]}}